{"id":2266,"date":"2020-08-28T08:36:32","date_gmt":"2020-08-28T08:36:32","guid":{"rendered":"http:\/\/www.adic.cat\/?page_id=2266"},"modified":"2021-09-07T17:14:01","modified_gmt":"2021-09-07T17:14:01","slug":"contacto","status":"publish","type":"page","link":"https:\/\/www.dic.social\/es\/contacto\/","title":{"rendered":"Hablemos"},"content":{"rendered":"\t\t<div data-elementor-type=\"wp-page\" data-elementor-id=\"2266\" class=\"elementor elementor-2266 elementor-14\">\n\t\t\t\t\t\t<div class=\"elementor-inner\">\n\t\t\t\t<div class=\"elementor-section-wrap\">\n\t\t\t\t\t\t\t\t\t<section class=\"elementor-section elementor-top-section elementor-element elementor-element-6895edb elementor-section-boxed elementor-section-height-default elementor-section-height-default\" data-id=\"6895edb\" data-element_type=\"section\">\n\t\t\t\t\t\t<div class=\"elementor-container elementor-column-gap-default\">\n\t\t\t\t\t\t\t<div class=\"elementor-row\">\n\t\t\t\t\t<div class=\"elementor-column elementor-col-100 elementor-top-column elementor-element elementor-element-dee7395\" data-id=\"dee7395\" data-element_type=\"column\">\n\t\t\t<div class=\"elementor-column-wrap elementor-element-populated\">\n\t\t\t\t\t\t\t<div class=\"elementor-widget-wrap\">\n\t\t\t\t\t\t<div class=\"elementor-element elementor-element-9149a39 elementor-widget elementor-widget-heading\" data-id=\"9149a39\" data-element_type=\"widget\" data-widget_type=\"heading.default\">\n\t\t\t\t<div class=\"elementor-widget-container\">\n\t\t\t<h3 class=\"elementor-heading-title elementor-size-xl\">Contacto<\/h3>\t\t<\/div>\n\t\t\t\t<\/div>\n\t\t\t\t<div class=\"elementor-element elementor-element-a634f1f elementor-widget-divider--view-line elementor-widget elementor-widget-divider\" data-id=\"a634f1f\" data-element_type=\"widget\" data-widget_type=\"divider.default\">\n\t\t\t\t<div class=\"elementor-widget-container\">\n\t\t\t\t\t<div class=\"elementor-divider\">\n\t\t\t<span class=\"elementor-divider-separator\">\n\t\t\t\t\t\t<\/span>\n\t\t<\/div>\n\t\t\t\t<\/div>\n\t\t\t\t<\/div>\n\t\t\t\t\t\t<\/div>\n\t\t\t\t\t<\/div>\n\t\t<\/div>\n\t\t\t\t\t\t\t\t<\/div>\n\t\t\t\t\t<\/div>\n\t\t<\/section>\n\t\t\t\t<section class=\"elementor-section elementor-top-section elementor-element elementor-element-49e5c9d elementor-section-boxed elementor-section-height-default elementor-section-height-default\" data-id=\"49e5c9d\" data-element_type=\"section\">\n\t\t\t\t\t\t<div class=\"elementor-container elementor-column-gap-default\">\n\t\t\t\t\t\t\t<div class=\"elementor-row\">\n\t\t\t\t\t<div class=\"elementor-column elementor-col-25 elementor-top-column elementor-element elementor-element-7e472f6\" data-id=\"7e472f6\" data-element_type=\"column\">\n\t\t\t<div class=\"elementor-column-wrap elementor-element-populated\">\n\t\t\t\t\t\t\t<div class=\"elementor-widget-wrap\">\n\t\t\t\t\t\t<div class=\"elementor-element elementor-element-b115570 elementor-widget elementor-widget-text-editor\" data-id=\"b115570\" data-element_type=\"widget\" data-widget_type=\"text-editor.default\">\n\t\t\t\t<div class=\"elementor-widget-container\">\n\t\t\t\t\t\t\t\t<div class=\"elementor-text-editor elementor-clearfix\">\n\t\t\t\t<p>Utilice este formulario para hacernos llegar cualquier consulta o comentario.<br \/><br \/>En breve nos pondremos en contacto con usted.<\/p><p><strong>(dic)<\/strong><br \/>info@adic.cat<br \/><strong>658 494 896\u00a0<\/strong><br \/><strong>08710 Santa Margarida de Montbui\u00a0 (BCN)<\/strong><\/p>\t\t\t\t\t<\/div>\n\t\t\t\t\t\t<\/div>\n\t\t\t\t<\/div>\n\t\t\t\t<div class=\"elementor-element elementor-element-79f3496 elementor-widget elementor-widget-button\" data-id=\"79f3496\" data-element_type=\"widget\" data-widget_type=\"button.default\">\n\t\t\t\t<div class=\"elementor-widget-container\">\n\t\t\t\t\t<div class=\"elementor-button-wrapper\">\n\t\t\t<a href=\"tel:658494896\" class=\"elementor-button-link elementor-button elementor-size-sm elementor-animation-grow\" role=\"button\">\n\t\t\t\t\t\t<span class=\"elementor-button-content-wrapper\">\n\t\t\t\t\t\t\t<span class=\"elementor-button-icon elementor-align-icon-right\">\n\t\t\t\t<i aria-hidden=\"true\" class=\"fas fa-phone-alt\"><\/i>\t\t\t<\/span>\n\t\t\t\t\t\t<span class=\"elementor-button-text\"><\/span>\n\t\t<\/span>\n\t\t\t\t\t<\/a>\n\t\t<\/div>\n\t\t\t\t<\/div>\n\t\t\t\t<\/div>\n\t\t\t\t<div class=\"elementor-element elementor-element-88e0ec8 elementor-shape-circle e-grid-align-left elementor-grid-0 elementor-widget elementor-widget-social-icons\" data-id=\"88e0ec8\" data-element_type=\"widget\" data-widget_type=\"social-icons.default\">\n\t\t\t\t<div class=\"elementor-widget-container\">\n\t\t\t\t\t<div class=\"elementor-social-icons-wrapper elementor-grid\">\n\t\t\t\t\t\t\t<span class=\"elementor-grid-item\">\n\t\t\t\t\t<a class=\"elementor-icon elementor-social-icon elementor-social-icon-instagram elementor-repeater-item-ad658d7\" href=\"https:\/\/www.instagram.com\/dic.associacio\/\" target=\"_blank\">\n\t\t\t\t\t\t<span class=\"elementor-screen-only\">Instagram<\/span>\n\t\t\t\t\t\t<i class=\"fab fa-instagram\"><\/i>\t\t\t\t\t<\/a>\n\t\t\t\t<\/span>\n\t\t\t\t\t\t\t<span class=\"elementor-grid-item\">\n\t\t\t\t\t<a class=\"elementor-icon elementor-social-icon elementor-social-icon-linkedin elementor-repeater-item-42268fe\" href=\"https:\/\/www.linkedin.com\/groups\/3921684\/\" target=\"_blank\">\n\t\t\t\t\t\t<span class=\"elementor-screen-only\">Linkedin<\/span>\n\t\t\t\t\t\t<i class=\"fab fa-linkedin\"><\/i>\t\t\t\t\t<\/a>\n\t\t\t\t<\/span>\n\t\t\t\t\t<\/div>\n\t\t\t\t<\/div>\n\t\t\t\t<\/div>\n\t\t\t\t\t\t<\/div>\n\t\t\t\t\t<\/div>\n\t\t<\/div>\n\t\t\t\t<div class=\"elementor-column elementor-col-50 elementor-top-column elementor-element elementor-element-48dcd17\" data-id=\"48dcd17\" data-element_type=\"column\">\n\t\t\t<div class=\"elementor-column-wrap\">\n\t\t\t\t\t\t\t<div class=\"elementor-widget-wrap\">\n\t\t\t\t\t\t\t\t<\/div>\n\t\t\t\t\t<\/div>\n\t\t<\/div>\n\t\t\t\t<div class=\"elementor-column elementor-col-25 elementor-top-column elementor-element elementor-element-c6307a1\" data-id=\"c6307a1\" data-element_type=\"column\">\n\t\t\t<div class=\"elementor-column-wrap elementor-element-populated\">\n\t\t\t\t\t\t\t<div class=\"elementor-widget-wrap\">\n\t\t\t\t\t\t<div class=\"elementor-element elementor-element-10173ea elementor-widget elementor-widget-text-editor\" data-id=\"10173ea\" data-element_type=\"widget\" data-widget_type=\"text-editor.default\">\n\t\t\t\t<div class=\"elementor-widget-container\">\n\t\t\t\t\t\t\t\t<div class=\"elementor-text-editor elementor-clearfix\">\n\t\t\t\t<p>Los datos personales facilitados voluntariamente por usted, a trav\u00e9s del presente formulario web ser\u00e1n tratadas, por (dic) como responsable del tratamiento, con el fin de atender su solicitud, consulta, queja o sugerencia, sin que se produzca comunicaciones o cesiones de datos y conservadas durante los plazos necesarios para atender su solicitud.<br \/><br \/>Puede usted ejercer los derechos de acceso, rectificaci\u00f3n o supresi\u00f3n de sus datos, dirigi\u00e9ndose a (dic) \u00a0para mayor informaci\u00f3n al respeto, pod\u00e9is consultar nuestra pol\u00edtica de privacidad.<\/p>\t\t\t\t\t<\/div>\n\t\t\t\t\t\t<\/div>\n\t\t\t\t<\/div>\n\t\t\t\t\t\t<\/div>\n\t\t\t\t\t<\/div>\n\t\t<\/div>\n\t\t\t\t\t\t\t\t<\/div>\n\t\t\t\t\t<\/div>\n\t\t<\/section>\n\t\t\t\t\t\t\t\t\t<\/div>\n\t\t\t<\/div>\n\t\t\t\t\t<\/div>\n\t\t","protected":false},"excerpt":{"rendered":"<p>Contacto Utilice este formulario para hacernos llegar cualquier consulta o comentario. En breve nos pondremos en contacto con usted. (dic) info@adic.cat 658 494 896&nbsp; 08710 Santa Margarida de Montbui&nbsp; (BCN) Instagram Linkedin Los datos personales facilitados voluntariamente por usted, a trav\u00e9s del presente formulario web ser\u00e1n tratadas, por (dic) como responsable del tratamiento, con el &hellip;<\/p>\n<p class=\"read-more\"> <a class=\"\" href=\"https:\/\/www.dic.social\/es\/contacto\/\"> <span class=\"screen-reader-text\">Hablemos<\/span> Leer m\u00e1s \u00bb<\/a><\/p>\n","protected":false},"author":3,"featured_media":0,"parent":0,"menu_order":0,"comment_status":"closed","ping_status":"closed","template":"page-templates\/fullwidth-content.php","meta":{"inline_featured_image":false},"yoast_head":"<!-- This site is optimized with the Yoast SEO plugin v19.4 - https:\/\/yoast.com\/wordpress\/plugins\/seo\/ -->\n<title>Hablemos - Dic<\/title>\n<meta name=\"robots\" content=\"index, follow, max-snippet:-1, max-image-preview:large, max-video-preview:-1\" \/>\n<link rel=\"canonical\" href=\"https:\/\/www.dic.social\/es\/contacto\/\" \/>\n<meta property=\"og:locale\" content=\"es_ES\" \/>\n<meta property=\"og:type\" content=\"article\" \/>\n<meta property=\"og:title\" content=\"Hablemos - Dic\" \/>\n<meta property=\"og:description\" content=\"Contacto Utilice este formulario para hacernos llegar cualquier consulta o comentario. En breve nos pondremos en contacto con usted. (dic) info@adic.cat 658 494 896&nbsp; 08710 Santa Margarida de Montbui&nbsp; (BCN) Instagram Linkedin Los datos personales facilitados voluntariamente por usted, a trav\u00e9s del presente formulario web ser\u00e1n tratadas, por (dic) como responsable del tratamiento, con el &hellip; Hablemos Leer m\u00e1s \u00bb\" \/>\n<meta property=\"og:url\" content=\"https:\/\/www.dic.social\/es\/contacto\/\" \/>\n<meta property=\"og:site_name\" content=\"Dic\" \/>\n<meta property=\"article:modified_time\" content=\"2021-09-07T17:14:01+00:00\" \/>\n<meta name=\"twitter:card\" content=\"summary_large_image\" \/>\n<meta name=\"twitter:label1\" content=\"Tiempo de lectura\" \/>\n\t<meta name=\"twitter:data1\" content=\"1 minuto\" \/>\n<script type=\"application\/ld+json\" class=\"yoast-schema-graph\">{\"@context\":\"https:\/\/schema.org\",\"@graph\":[{\"@type\":\"Organization\",\"@id\":\"https:\/\/www.dic.social\/#organization\",\"name\":\"Dic\",\"url\":\"https:\/\/www.dic.social\/\",\"sameAs\":[],\"logo\":{\"@type\":\"ImageObject\",\"inLanguage\":\"es\",\"@id\":\"https:\/\/www.dic.social\/#\/schema\/logo\/image\/\",\"url\":\"https:\/\/www.dic.social\/wp-content\/uploads\/2021\/10\/cropped-cropped-LogoDicRectangulo.png\",\"contentUrl\":\"https:\/\/www.dic.social\/wp-content\/uploads\/2021\/10\/cropped-cropped-LogoDicRectangulo.png\",\"width\":780,\"height\":390,\"caption\":\"Dic\"},\"image\":{\"@id\":\"https:\/\/www.dic.social\/#\/schema\/logo\/image\/\"}},{\"@type\":\"WebSite\",\"@id\":\"https:\/\/www.dic.social\/#website\",\"url\":\"https:\/\/www.dic.social\/\",\"name\":\"Dic\",\"description\":\"Dic Inclusi\u00f3n Social\",\"publisher\":{\"@id\":\"https:\/\/www.dic.social\/#organization\"},\"potentialAction\":[{\"@type\":\"SearchAction\",\"target\":{\"@type\":\"EntryPoint\",\"urlTemplate\":\"https:\/\/www.dic.social\/?s={search_term_string}\"},\"query-input\":\"required name=search_term_string\"}],\"inLanguage\":\"es\"},{\"@type\":\"WebPage\",\"@id\":\"https:\/\/www.dic.social\/es\/contacto\/\",\"url\":\"https:\/\/www.dic.social\/es\/contacto\/\",\"name\":\"Hablemos - Dic\",\"isPartOf\":{\"@id\":\"https:\/\/www.dic.social\/#website\"},\"datePublished\":\"2020-08-28T08:36:32+00:00\",\"dateModified\":\"2021-09-07T17:14:01+00:00\",\"breadcrumb\":{\"@id\":\"https:\/\/www.dic.social\/es\/contacto\/#breadcrumb\"},\"inLanguage\":\"es\",\"potentialAction\":[{\"@type\":\"ReadAction\",\"target\":[\"https:\/\/www.dic.social\/es\/contacto\/\"]}]},{\"@type\":\"BreadcrumbList\",\"@id\":\"https:\/\/www.dic.social\/es\/contacto\/#breadcrumb\",\"itemListElement\":[{\"@type\":\"ListItem\",\"position\":1,\"name\":\"Inici\",\"item\":\"https:\/\/www.dic.social\/\"},{\"@type\":\"ListItem\",\"position\":2,\"name\":\"Hablemos\"}]}]}<\/script>\n<!-- \/ Yoast SEO plugin. -->","yoast_head_json":{"title":"Hablemos - Dic","robots":{"index":"index","follow":"follow","max-snippet":"max-snippet:-1","max-image-preview":"max-image-preview:large","max-video-preview":"max-video-preview:-1"},"canonical":"https:\/\/www.dic.social\/es\/contacto\/","og_locale":"es_ES","og_type":"article","og_title":"Hablemos - Dic","og_description":"Contacto Utilice este formulario para hacernos llegar cualquier consulta o comentario. En breve nos pondremos en contacto con usted. (dic) info@adic.cat 658 494 896&nbsp; 08710 Santa Margarida de Montbui&nbsp; (BCN) Instagram Linkedin Los datos personales facilitados voluntariamente por usted, a trav\u00e9s del presente formulario web ser\u00e1n tratadas, por (dic) como responsable del tratamiento, con el &hellip; Hablemos Leer m\u00e1s \u00bb","og_url":"https:\/\/www.dic.social\/es\/contacto\/","og_site_name":"Dic","article_modified_time":"2021-09-07T17:14:01+00:00","twitter_card":"summary_large_image","twitter_misc":{"Tiempo de lectura":"1 minuto"},"schema":{"@context":"https:\/\/schema.org","@graph":[{"@type":"Organization","@id":"https:\/\/www.dic.social\/#organization","name":"Dic","url":"https:\/\/www.dic.social\/","sameAs":[],"logo":{"@type":"ImageObject","inLanguage":"es","@id":"https:\/\/www.dic.social\/#\/schema\/logo\/image\/","url":"https:\/\/www.dic.social\/wp-content\/uploads\/2021\/10\/cropped-cropped-LogoDicRectangulo.png","contentUrl":"https:\/\/www.dic.social\/wp-content\/uploads\/2021\/10\/cropped-cropped-LogoDicRectangulo.png","width":780,"height":390,"caption":"Dic"},"image":{"@id":"https:\/\/www.dic.social\/#\/schema\/logo\/image\/"}},{"@type":"WebSite","@id":"https:\/\/www.dic.social\/#website","url":"https:\/\/www.dic.social\/","name":"Dic","description":"Dic Inclusi\u00f3n Social","publisher":{"@id":"https:\/\/www.dic.social\/#organization"},"potentialAction":[{"@type":"SearchAction","target":{"@type":"EntryPoint","urlTemplate":"https:\/\/www.dic.social\/?s={search_term_string}"},"query-input":"required name=search_term_string"}],"inLanguage":"es"},{"@type":"WebPage","@id":"https:\/\/www.dic.social\/es\/contacto\/","url":"https:\/\/www.dic.social\/es\/contacto\/","name":"Hablemos - Dic","isPartOf":{"@id":"https:\/\/www.dic.social\/#website"},"datePublished":"2020-08-28T08:36:32+00:00","dateModified":"2021-09-07T17:14:01+00:00","breadcrumb":{"@id":"https:\/\/www.dic.social\/es\/contacto\/#breadcrumb"},"inLanguage":"es","potentialAction":[{"@type":"ReadAction","target":["https:\/\/www.dic.social\/es\/contacto\/"]}]},{"@type":"BreadcrumbList","@id":"https:\/\/www.dic.social\/es\/contacto\/#breadcrumb","itemListElement":[{"@type":"ListItem","position":1,"name":"Inici","item":"https:\/\/www.dic.social\/"},{"@type":"ListItem","position":2,"name":"Hablemos"}]}]}},"_links":{"self":[{"href":"https:\/\/www.dic.social\/es\/wp-json\/wp\/v2\/pages\/2266"}],"collection":[{"href":"https:\/\/www.dic.social\/es\/wp-json\/wp\/v2\/pages"}],"about":[{"href":"https:\/\/www.dic.social\/es\/wp-json\/wp\/v2\/types\/page"}],"author":[{"embeddable":true,"href":"https:\/\/www.dic.social\/es\/wp-json\/wp\/v2\/users\/3"}],"replies":[{"embeddable":true,"href":"https:\/\/www.dic.social\/es\/wp-json\/wp\/v2\/comments?post=2266"}],"version-history":[{"count":25,"href":"https:\/\/www.dic.social\/es\/wp-json\/wp\/v2\/pages\/2266\/revisions"}],"predecessor-version":[{"id":6171,"href":"https:\/\/www.dic.social\/es\/wp-json\/wp\/v2\/pages\/2266\/revisions\/6171"}],"wp:attachment":[{"href":"https:\/\/www.dic.social\/es\/wp-json\/wp\/v2\/media?parent=2266"}],"curies":[{"name":"wp","href":"https:\/\/api.w.org\/{rel}","templated":true}]}}